{"id":129,"date":"2017-02-25T14:47:57","date_gmt":"2017-02-25T14:47:57","guid":{"rendered":"https:\/\/www.digicomm.ro\/digicomm\/business\/?page_id=129"},"modified":"2017-02-25T14:57:00","modified_gmt":"2017-02-25T14:57:00","slug":"aria-de-acoperire","status":"publish","type":"page","link":"https:\/\/www.digicomm.ro\/business\/hu\/aria-de-acoperire\/","title":{"rendered":"Lefedetts\u00e9g"},"content":{"rendered":"<h1 style=\"text-align: center;\">DIGICOMM szolg\u00e1ltat\u00e1si ter\u00fclete<\/h1>\n<p style=\"text-align: center;\"><strong>Maros megye<\/strong>: Szov\u00e1ta, S\u00f3v\u00e1rad, Illy\u00e9smez\u0151, Szakad\u00e1t<br \/>\n<strong>Hargita megye<\/strong>: Parajd, Als\u00f3s\u00f3falva, Fels\u0151s\u00f3falva, Korond, Atyha<\/p>\n","protected":false},"excerpt":{"rendered":"<p>DIGICOMM szolg\u00e1ltat\u00e1si ter\u00fclete Maros megye: Szov\u00e1ta, S\u00f3v\u00e1rad, Illy\u00e9smez\u0151, Szakad\u00e1t Hargita megye: Parajd, Als\u00f3s\u00f3falva, Fels\u0151s\u00f3falva, Korond, Atyha<\/p>\n","protected":false},"author":2,"featured_media":0,"parent":0,"menu_order":0,"comment_status":"closed","ping_status":"closed","template":"template_coverage.php","meta":[],"yoast_head":"<!-- This site is optimized with the Yoast SEO plugin v15.1.1 - https:\/\/yoast.com\/wordpress\/plugins\/seo\/ -->\n<meta name=\"robots\" content=\"index, follow, max-snippet:-1, max-image-preview:large, max-video-preview:-1\" \/>\n<link rel=\"canonical\" href=\"https:\/\/www.digicomm.ro\/business\/hu\/aria-de-acoperire\/\" \/>\n<meta property=\"og:locale\" content=\"ro_RO\" \/>\n<meta property=\"og:type\" content=\"article\" \/>\n<meta property=\"og:title\" content=\"Lefedetts\u00e9g - DIGICOMM Business\" \/>\n<meta property=\"og:description\" content=\"DIGICOMM szolg\u00e1ltat\u00e1si ter\u00fclete Maros megye: Szov\u00e1ta, S\u00f3v\u00e1rad, Illy\u00e9smez\u0151, Szakad\u00e1t Hargita megye: Parajd, Als\u00f3s\u00f3falva, Fels\u0151s\u00f3falva, Korond, Atyha\" \/>\n<meta property=\"og:url\" content=\"https:\/\/www.digicomm.ro\/business\/hu\/aria-de-acoperire\/\" \/>\n<meta property=\"og:site_name\" content=\"DIGICOMM Business\" \/>\n<meta property=\"article:modified_time\" content=\"2017-02-25T14:57:00+00:00\" \/>\n<meta name=\"twitter:card\" content=\"summary\" \/>\n<!-- \/ Yoast SEO plugin. -->","_links":{"self":[{"href":"https:\/\/www.digicomm.ro\/business\/hu\/wp-json\/wp\/v2\/pages\/129"}],"collection":[{"href":"https:\/\/www.digicomm.ro\/business\/hu\/wp-json\/wp\/v2\/pages"}],"about":[{"href":"https:\/\/www.digicomm.ro\/business\/hu\/wp-json\/wp\/v2\/types\/page"}],"author":[{"embeddable":true,"href":"https:\/\/www.digicomm.ro\/business\/hu\/wp-json\/wp\/v2\/users\/2"}],"replies":[{"embeddable":true,"href":"https:\/\/www.digicomm.ro\/business\/hu\/wp-json\/wp\/v2\/comments?post=129"}],"version-history":[{"count":0,"href":"https:\/\/www.digicomm.ro\/business\/hu\/wp-json\/wp\/v2\/pages\/129\/revisions"}],"wp:attachment":[{"href":"https:\/\/www.digicomm.ro\/business\/hu\/wp-json\/wp\/v2\/media?parent=129"}],"curies":[{"name":"wp","href":"https:\/\/api.w.org\/{rel}","templated":true}]}}