{"id":133,"date":"2016-10-13T22:13:32","date_gmt":"2016-10-13T22:13:32","guid":{"rendered":"https:\/\/www.digicomm.ro\/digicomm\/business\/?page_id=133"},"modified":"2017-03-06T11:16:18","modified_gmt":"2017-03-06T11:16:18","slug":"comanda","status":"publish","type":"page","link":"https:\/\/www.digicomm.ro\/business\/hu\/comanda\/","title":{"rendered":"Megrendelem"},"content":{"rendered":"<h1>Rendeld meg a DIGICOMM szolg\u00e1ltat\u00e1sokat<\/h1>\n<p>K\u00e9r\u00fcnk t\u00f6ltsd ki az al\u00e1bbi megrendel\u0151lapot<\/p>\n<div role=\"form\" class=\"wpcf7\" id=\"wpcf7-f212-o1\" lang=\"en-US\" dir=\"ltr\">\n<div class=\"screen-reader-response\"><p role=\"status\" aria-live=\"polite\" aria-atomic=\"true\"><\/p> <ul><\/ul><\/div>\n<form action=\"\/business\/hu\/wp-json\/wp\/v2\/pages\/133#wpcf7-f212-o1\" method=\"post\" class=\"wpcf7-form init\" novalidate=\"novalidate\" data-status=\"init\">\n<div style=\"display: none;\">\n<input type=\"hidden\" name=\"_wpcf7\" value=\"212\" \/>\n<input type=\"hidden\" name=\"_wpcf7_version\" value=\"5.3\" \/>\n<input type=\"hidden\" name=\"_wpcf7_locale\" value=\"en_US\" \/>\n<input type=\"hidden\" name=\"_wpcf7_unit_tag\" value=\"wpcf7-f212-o1\" \/>\n<input type=\"hidden\" name=\"_wpcf7_container_post\" value=\"0\" \/>\n<input type=\"hidden\" name=\"_wpcf7_posted_data_hash\" value=\"\" \/>\n<input type=\"hidden\" name=\"_wpcf7_recaptcha_response\" value=\"\" \/>\n<\/div>\n<p><label>Teljes n\u00e9v*<\/label><span class=\"wpcf7-form-control-wrap name\"><input type=\"text\" name=\"name\" value=\"\" size=\"40\" class=\"wpcf7-form-control wpcf7-text wpcf7-validates-as-required form-control\" aria-required=\"true\" aria-invalid=\"false\" \/><\/span><br \/>\n<label>Email*<\/label><span class=\"wpcf7-form-control-wrap email\"><input type=\"email\" name=\"email\" value=\"\" size=\"40\" class=\"wpcf7-form-control wpcf7-text wpcf7-email wpcf7-validates-as-required wpcf7-validates-as-email form-control\" aria-required=\"true\" aria-invalid=\"false\" \/><\/span><br \/>\n<label>Telefon*<\/label><span class=\"wpcf7-form-control-wrap phone\"><input type=\"text\" name=\"phone\" value=\"\" size=\"40\" class=\"wpcf7-form-control wpcf7-text wpcf7-validates-as-required form-control\" aria-required=\"true\" aria-invalid=\"false\" \/><\/span><br \/>\n<label>V\u00e1lassz egy szolg\u00e1ltat\u00e1st*<\/label><span class=\"wpcf7-form-control-wrap service\"><select name=\"service\" class=\"wpcf7-form-control wpcf7-select wpcf7-validates-as-required form-control\" aria-required=\"true\" aria-invalid=\"false\"><option value=\"\">---<\/option><option value=\"TV\">TV<\/option><option value=\"Internet\">Internet<\/option><option value=\"Telefonie\">Telefonie<\/option><option value=\"TV + Internet\">TV + Internet<\/option><option value=\"Internet + Telefon\">Internet + Telefon<\/option><option value=\"TV + Internet + Telefon\">TV + Internet + Telefon<\/option><\/select><\/span><br \/>\n<label>Pontos c\u00edm*<\/label><span class=\"wpcf7-form-control-wrap address\"><textarea name=\"address\" cols=\"40\" rows=\"5\" class=\"wpcf7-form-control wpcf7-textarea wpcf7-validates-as-required form-control\" aria-required=\"true\" aria-invalid=\"false\"><\/textarea><\/span><\/p>\n<div class=\"wpcf7-form-control-wrap\"><div data-sitekey=\"6LdYMxUUAAAAAG368f3m8I3z0fCG1zIgg8_s7p7w\" class=\"wpcf7-form-control g-recaptcha wpcf7-recaptcha captcha\" id=\"captcha\"><\/div>\r\n<noscript>\r\n\t<div class=\"grecaptcha-noscript\">\r\n\t\t<iframe src=\"https:\/\/www.google.com\/recaptcha\/api\/fallback?k=6LdYMxUUAAAAAG368f3m8I3z0fCG1zIgg8_s7p7w\" frameborder=\"0\" scrolling=\"no\" width=\"310\" height=\"430\">\r\n\t\t<\/iframe>\r\n\t\t<textarea name=\"g-recaptcha-response\" rows=\"3\" cols=\"40\" placeholder=\"reCaptcha Response Here\">\r\n\t\t<\/textarea>\r\n\t<\/div>\r\n<\/noscript>\r\n<\/div>\n<p><input type=\"submit\" value=\"K\u00fcld\u00e9s\" class=\"wpcf7-form-control wpcf7-submit btn btn-primary btn-lg\" \/><\/p>\n<div class=\"wpcf7-response-output\" aria-hidden=\"true\"><\/div><\/form><\/div>\n","protected":false},"excerpt":{"rendered":"<p>Rendeld meg a DIGICOMM szolg\u00e1ltat\u00e1sokat K\u00e9r\u00fcnk t\u00f6ltsd ki az al\u00e1bbi megrendel\u0151lapot<\/p>\n","protected":false},"author":1,"featured_media":0,"parent":0,"menu_order":0,"comment_status":"closed","ping_status":"closed","template":"template_order.php","meta":[],"yoast_head":"<!-- This site is optimized with the Yoast SEO plugin v15.1.1 - https:\/\/yoast.com\/wordpress\/plugins\/seo\/ -->\n<meta name=\"robots\" content=\"index, follow, max-snippet:-1, max-image-preview:large, max-video-preview:-1\" \/>\n<link rel=\"canonical\" href=\"https:\/\/www.digicomm.ro\/business\/hu\/comanda\/\" \/>\n<meta property=\"og:locale\" content=\"ro_RO\" \/>\n<meta property=\"og:type\" content=\"article\" \/>\n<meta property=\"og:title\" content=\"Megrendelem - DIGICOMM Business\" \/>\n<meta property=\"og:description\" content=\"Rendeld meg a DIGICOMM szolg\u00e1ltat\u00e1sokat K\u00e9r\u00fcnk t\u00f6ltsd ki az al\u00e1bbi megrendel\u0151lapot\" \/>\n<meta property=\"og:url\" content=\"https:\/\/www.digicomm.ro\/business\/hu\/comanda\/\" \/>\n<meta property=\"og:site_name\" content=\"DIGICOMM Business\" \/>\n<meta property=\"article:modified_time\" content=\"2017-03-06T11:16:18+00:00\" \/>\n<meta name=\"twitter:card\" content=\"summary\" \/>\n<!-- \/ Yoast SEO plugin. -->","_links":{"self":[{"href":"https:\/\/www.digicomm.ro\/business\/hu\/wp-json\/wp\/v2\/pages\/133"}],"collection":[{"href":"https:\/\/www.digicomm.ro\/business\/hu\/wp-json\/wp\/v2\/pages"}],"about":[{"href":"https:\/\/www.digicomm.ro\/business\/hu\/wp-json\/wp\/v2\/types\/page"}],"author":[{"embeddable":true,"href":"https:\/\/www.digicomm.ro\/business\/hu\/wp-json\/wp\/v2\/users\/1"}],"replies":[{"embeddable":true,"href":"https:\/\/www.digicomm.ro\/business\/hu\/wp-json\/wp\/v2\/comments?post=133"}],"version-history":[{"count":0,"href":"https:\/\/www.digicomm.ro\/business\/hu\/wp-json\/wp\/v2\/pages\/133\/revisions"}],"wp:attachment":[{"href":"https:\/\/www.digicomm.ro\/business\/hu\/wp-json\/wp\/v2\/media?parent=133"}],"curies":[{"name":"wp","href":"https:\/\/api.w.org\/{rel}","templated":true}]}}