{"id":140,"date":"2016-10-13T22:20:00","date_gmt":"2016-10-13T22:20:00","guid":{"rendered":"https:\/\/www.digicomm.ro\/digicomm\/business\/?page_id=140"},"modified":"2017-03-06T22:09:28","modified_gmt":"2017-03-06T22:09:28","slug":"digicomm-tv","status":"publish","type":"page","link":"https:\/\/www.digicomm.ro\/business\/hu\/digicomm-tv\/","title":{"rendered":"DIGICOMM TV"},"content":{"rendered":"<p>Laz\u00edts \u00e9s n\u00e9zz filmeket, sorozatokat \u00e9s dokumentumfilmeket<br \/>\nKellemes sz\u00f3rakoz\u00e1s \u00e9lm\u00e9ny\u00e9t hozzuk otthonodba<\/p>\n","protected":false},"excerpt":{"rendered":"<p>Laz\u00edts \u00e9s n\u00e9zz filmeket, sorozatokat \u00e9s dokumentumfilmeket Kellemes sz\u00f3rakoz\u00e1s \u00e9lm\u00e9ny\u00e9t hozzuk otthonodba<\/p>\n","protected":false},"author":1,"featured_media":0,"parent":0,"menu_order":0,"comment_status":"closed","ping_status":"closed","template":"template_service.php","meta":[],"yoast_head":"<!-- This site is optimized with the Yoast SEO plugin v15.1.1 - https:\/\/yoast.com\/wordpress\/plugins\/seo\/ -->\n<meta name=\"robots\" content=\"index, follow, max-snippet:-1, max-image-preview:large, max-video-preview:-1\" \/>\n<link rel=\"canonical\" href=\"https:\/\/www.digicomm.ro\/business\/hu\/digicomm-tv\/\" \/>\n<meta property=\"og:locale\" content=\"ro_RO\" \/>\n<meta property=\"og:type\" content=\"article\" \/>\n<meta property=\"og:title\" content=\"DIGICOMM TV - DIGICOMM Business\" \/>\n<meta property=\"og:description\" content=\"Laz\u00edts \u00e9s n\u00e9zz filmeket, sorozatokat \u00e9s dokumentumfilmeket Kellemes sz\u00f3rakoz\u00e1s \u00e9lm\u00e9ny\u00e9t hozzuk otthonodba\" \/>\n<meta property=\"og:url\" content=\"https:\/\/www.digicomm.ro\/business\/hu\/digicomm-tv\/\" \/>\n<meta property=\"og:site_name\" content=\"DIGICOMM Business\" \/>\n<meta property=\"article:modified_time\" content=\"2017-03-06T22:09:28+00:00\" \/>\n<meta name=\"twitter:card\" content=\"summary\" \/>\n<!-- \/ Yoast SEO plugin. -->","_links":{"self":[{"href":"https:\/\/www.digicomm.ro\/business\/hu\/wp-json\/wp\/v2\/pages\/140"}],"collection":[{"href":"https:\/\/www.digicomm.ro\/business\/hu\/wp-json\/wp\/v2\/pages"}],"about":[{"href":"https:\/\/www.digicomm.ro\/business\/hu\/wp-json\/wp\/v2\/types\/page"}],"author":[{"embeddable":true,"href":"https:\/\/www.digicomm.ro\/business\/hu\/wp-json\/wp\/v2\/users\/1"}],"replies":[{"embeddable":true,"href":"https:\/\/www.digicomm.ro\/business\/hu\/wp-json\/wp\/v2\/comments?post=140"}],"version-history":[{"count":0,"href":"https:\/\/www.digicomm.ro\/business\/hu\/wp-json\/wp\/v2\/pages\/140\/revisions"}],"wp:attachment":[{"href":"https:\/\/www.digicomm.ro\/business\/hu\/wp-json\/wp\/v2\/media?parent=140"}],"curies":[{"name":"wp","href":"https:\/\/api.w.org\/{rel}","templated":true}]}}