{"id":144,"date":"2016-10-13T21:44:37","date_gmt":"2016-10-13T21:44:37","guid":{"rendered":"https:\/\/www.digicomm.ro\/digicomm\/business\/?page_id=144"},"modified":"2017-02-25T16:40:22","modified_gmt":"2017-02-25T16:40:22","slug":"sample-page","status":"publish","type":"page","link":"https:\/\/www.digicomm.ro\/business\/hu\/","title":{"rendered":"F\u0151oldal"},"content":{"rendered":"<p>Fejlett megold\u00e1sokat aj\u00e1nljuk v\u00e1llalkoz\u00e1sod sz\u00e1m\u00e1ra.<br \/>\nEgy\u00e9ni, a v\u00e1llalkoz\u00e1sodra szabott megold\u00e1sokkal optimaliz\u00e1ld k\u00f6lts\u00e9geidet!<\/p>\n","protected":false},"excerpt":{"rendered":"<p>Fejlett megold\u00e1sokat aj\u00e1nljuk v\u00e1llalkoz\u00e1sod sz\u00e1m\u00e1ra. Egy\u00e9ni, a v\u00e1llalkoz\u00e1sodra szabott megold\u00e1sokkal optimaliz\u00e1ld k\u00f6lts\u00e9geidet!<\/p>\n","protected":false},"author":1,"featured_media":0,"parent":0,"menu_order":0,"comment_status":"closed","ping_status":"open","template":"template_home.php","meta":[],"yoast_head":"<!-- This site is optimized with the Yoast SEO plugin v15.1.1 - https:\/\/yoast.com\/wordpress\/plugins\/seo\/ -->\n<meta name=\"robots\" content=\"index, follow, max-snippet:-1, max-image-preview:large, max-video-preview:-1\" \/>\n<link rel=\"canonical\" href=\"https:\/\/www.digicomm.ro\/business\/hu\/\" \/>\n<meta property=\"og:locale\" content=\"ro_RO\" \/>\n<meta property=\"og:type\" content=\"article\" \/>\n<meta property=\"og:title\" content=\"F\u0151oldal - DIGICOMM Business\" \/>\n<meta property=\"og:description\" content=\"Fejlett megold\u00e1sokat aj\u00e1nljuk v\u00e1llalkoz\u00e1sod sz\u00e1m\u00e1ra. Egy\u00e9ni, a v\u00e1llalkoz\u00e1sodra szabott megold\u00e1sokkal optimaliz\u00e1ld k\u00f6lts\u00e9geidet!\" \/>\n<meta property=\"og:url\" content=\"https:\/\/www.digicomm.ro\/business\/hu\/\" \/>\n<meta property=\"og:site_name\" content=\"DIGICOMM Business\" \/>\n<meta property=\"article:modified_time\" content=\"2017-02-25T16:40:22+00:00\" \/>\n<meta name=\"twitter:card\" content=\"summary\" \/>\n<!-- \/ Yoast SEO plugin. -->","_links":{"self":[{"href":"https:\/\/www.digicomm.ro\/business\/hu\/wp-json\/wp\/v2\/pages\/144"}],"collection":[{"href":"https:\/\/www.digicomm.ro\/business\/hu\/wp-json\/wp\/v2\/pages"}],"about":[{"href":"https:\/\/www.digicomm.ro\/business\/hu\/wp-json\/wp\/v2\/types\/page"}],"author":[{"embeddable":true,"href":"https:\/\/www.digicomm.ro\/business\/hu\/wp-json\/wp\/v2\/users\/1"}],"replies":[{"embeddable":true,"href":"https:\/\/www.digicomm.ro\/business\/hu\/wp-json\/wp\/v2\/comments?post=144"}],"version-history":[{"count":0,"href":"https:\/\/www.digicomm.ro\/business\/hu\/wp-json\/wp\/v2\/pages\/144\/revisions"}],"wp:attachment":[{"href":"https:\/\/www.digicomm.ro\/business\/hu\/wp-json\/wp\/v2\/media?parent=144"}],"curies":[{"name":"wp","href":"https:\/\/api.w.org\/{rel}","templated":true}]}}