{"id":146,"date":"2017-02-25T14:54:39","date_gmt":"2017-02-25T14:54:39","guid":{"rendered":"https:\/\/www.digicomm.ro\/digicomm\/business\/?page_id=146"},"modified":"2017-03-06T22:16:27","modified_gmt":"2017-03-06T22:16:27","slug":"publicitate-tv","status":"publish","type":"page","link":"https:\/\/www.digicomm.ro\/business\/hu\/publicitate-tv\/","title":{"rendered":"TV Rekl\u00e1m"},"content":{"rendered":"<h1 style=\"text-align: center;\">TV Rekl\u00e1m<\/h1>\n<p style=\"text-align: center;\">K\u00e9rj\u00fck t\u00f6ltsd ki a mell\u00e9kelt megrendel\u0151 lapot.<\/p>\n<div role=\"form\" class=\"wpcf7\" id=\"wpcf7-f222-o1\" lang=\"en-US\" dir=\"ltr\">\n<div class=\"screen-reader-response\"><p role=\"status\" aria-live=\"polite\" aria-atomic=\"true\"><\/p> <ul><\/ul><\/div>\n<form action=\"\/business\/hu\/wp-json\/wp\/v2\/pages\/146#wpcf7-f222-o1\" method=\"post\" class=\"wpcf7-form init\" novalidate=\"novalidate\" data-status=\"init\">\n<div style=\"display: none;\">\n<input type=\"hidden\" name=\"_wpcf7\" value=\"222\" \/>\n<input type=\"hidden\" name=\"_wpcf7_version\" value=\"5.3\" \/>\n<input type=\"hidden\" name=\"_wpcf7_locale\" value=\"en_US\" \/>\n<input type=\"hidden\" name=\"_wpcf7_unit_tag\" value=\"wpcf7-f222-o1\" \/>\n<input type=\"hidden\" name=\"_wpcf7_container_post\" value=\"0\" \/>\n<input type=\"hidden\" name=\"_wpcf7_posted_data_hash\" value=\"\" \/>\n<input type=\"hidden\" name=\"_wpcf7_recaptcha_response\" value=\"\" \/>\n<\/div>\n<div class=\"row\">\n<div class=\"col-sm-6 col-sm-offset-3\">\n<h2 class=\"text-center\">Megrendel\u0151i adatlap<\/h2>\n<p><label>N\u00e9v*<\/label><span class=\"wpcf7-form-control-wrap name\"><input type=\"text\" name=\"name\" value=\"\" size=\"40\" class=\"wpcf7-form-control wpcf7-text wpcf7-validates-as-required form-control\" aria-required=\"true\" aria-invalid=\"false\" \/><\/span><br \/>\n<label>Email*<\/label><span class=\"wpcf7-form-control-wrap email\"><input type=\"email\" name=\"email\" value=\"\" size=\"40\" class=\"wpcf7-form-control wpcf7-text wpcf7-email wpcf7-validates-as-required wpcf7-validates-as-email form-control\" aria-required=\"true\" aria-invalid=\"false\" \/><\/span><br \/>\n<label>Telefon*<\/label><span class=\"wpcf7-form-control-wrap phone\"><input type=\"text\" name=\"phone\" value=\"\" size=\"40\" class=\"wpcf7-form-control wpcf7-text wpcf7-validates-as-required form-control\" aria-required=\"true\" aria-invalid=\"false\" \/><\/span><br \/>\n<label>Hirdet\u00e9s tartalma*<\/label><span class=\"wpcf7-form-control-wrap message\"><textarea name=\"message\" cols=\"40\" rows=\"5\" class=\"wpcf7-form-control wpcf7-textarea wpcf7-validates-as-required form-control\" aria-required=\"true\" aria-invalid=\"false\"><\/textarea><\/span><\/p>\n<p>A honlapon kereszt\u00fcl feladott hirdet\u00e9sek tartalma a Hirdet\u0151t\u0151l sz\u00e1rmazik! A Digi Communication Kft. nem v\u00e1llal felel\u0151ss\u00e9get a hirdet\u00e9sek tartalm\u00e1\u00e9rt, illetve azok val\u00f3dis\u00e1g\u00e1\u00e9rt.<\/p>\n<div class=\"wpcf7-form-control-wrap\"><div data-sitekey=\"6LdYMxUUAAAAAG368f3m8I3z0fCG1zIgg8_s7p7w\" class=\"wpcf7-form-control g-recaptcha wpcf7-recaptcha captcha\" id=\"captcha\"><\/div>\r\n<noscript>\r\n\t<div class=\"grecaptcha-noscript\">\r\n\t\t<iframe src=\"https:\/\/www.google.com\/recaptcha\/api\/fallback?k=6LdYMxUUAAAAAG368f3m8I3z0fCG1zIgg8_s7p7w\" frameborder=\"0\" scrolling=\"no\" width=\"310\" height=\"430\">\r\n\t\t<\/iframe>\r\n\t\t<textarea name=\"g-recaptcha-response\" rows=\"3\" cols=\"40\" placeholder=\"reCaptcha Response Here\">\r\n\t\t<\/textarea>\r\n\t<\/div>\r\n<\/noscript>\r\n<\/div>\n<p><input type=\"submit\" value=\"K\u00fcld\u00e9s\" class=\"wpcf7-form-control wpcf7-submit btn btn-primary btn-lg\" \/><\/p><\/div>\n<\/div>\n<div class=\"wpcf7-response-output\" aria-hidden=\"true\"><\/div><\/form><\/div>\n","protected":false},"excerpt":{"rendered":"<p>TV Rekl\u00e1m K\u00e9rj\u00fck t\u00f6ltsd ki a mell\u00e9kelt megrendel\u0151 lapot.<\/p>\n","protected":false},"author":2,"featured_media":0,"parent":0,"menu_order":0,"comment_status":"closed","ping_status":"closed","template":"","meta":[],"yoast_head":"<!-- This site is optimized with the Yoast SEO plugin v15.1.1 - https:\/\/yoast.com\/wordpress\/plugins\/seo\/ -->\n<meta name=\"robots\" content=\"index, follow, max-snippet:-1, max-image-preview:large, max-video-preview:-1\" \/>\n<link rel=\"canonical\" href=\"https:\/\/www.digicomm.ro\/business\/hu\/publicitate-tv\/\" \/>\n<meta property=\"og:locale\" content=\"ro_RO\" \/>\n<meta property=\"og:type\" content=\"article\" \/>\n<meta property=\"og:title\" content=\"TV Rekl\u00e1m - DIGICOMM Business\" \/>\n<meta property=\"og:description\" content=\"TV Rekl\u00e1m K\u00e9rj\u00fck t\u00f6ltsd ki a mell\u00e9kelt megrendel\u0151 lapot.\" \/>\n<meta property=\"og:url\" content=\"https:\/\/www.digicomm.ro\/business\/hu\/publicitate-tv\/\" \/>\n<meta property=\"og:site_name\" content=\"DIGICOMM Business\" \/>\n<meta property=\"article:modified_time\" content=\"2017-03-06T22:16:27+00:00\" \/>\n<meta name=\"twitter:card\" content=\"summary\" \/>\n<!-- \/ Yoast SEO plugin. -->","_links":{"self":[{"href":"https:\/\/www.digicomm.ro\/business\/hu\/wp-json\/wp\/v2\/pages\/146"}],"collection":[{"href":"https:\/\/www.digicomm.ro\/business\/hu\/wp-json\/wp\/v2\/pages"}],"about":[{"href":"https:\/\/www.digicomm.ro\/business\/hu\/wp-json\/wp\/v2\/types\/page"}],"author":[{"embeddable":true,"href":"https:\/\/www.digicomm.ro\/business\/hu\/wp-json\/wp\/v2\/users\/2"}],"replies":[{"embeddable":true,"href":"https:\/\/www.digicomm.ro\/business\/hu\/wp-json\/wp\/v2\/comments?post=146"}],"version-history":[{"count":0,"href":"https:\/\/www.digicomm.ro\/business\/hu\/wp-json\/wp\/v2\/pages\/146\/revisions"}],"wp:attachment":[{"href":"https:\/\/www.digicomm.ro\/business\/hu\/wp-json\/wp\/v2\/media?parent=146"}],"curies":[{"name":"wp","href":"https:\/\/api.w.org\/{rel}","templated":true}]}}