{"id":54,"date":"2016-10-13T22:20:00","date_gmt":"2016-10-13T22:20:00","guid":{"rendered":"https:\/\/www.digicomm.ro\/digicomm\/business\/?page_id=54"},"modified":"2017-02-11T17:50:26","modified_gmt":"2017-02-11T17:50:26","slug":"digicomm-tv","status":"publish","type":"page","link":"https:\/\/www.digicomm.ro\/business\/digicomm-tv\/","title":{"rendered":"DIGICOMM TV"},"content":{"rendered":"<p>Relaxeaz\u0103-te \u0219i urm\u0103re\u0219te filme, seriale \u0219i documentare.<br \/>\nO experien\u021b\u0103 pl\u0103cut\u0103 de divertisment la tine acas\u0103.<\/p>\n","protected":false},"excerpt":{"rendered":"<p>Relaxeaz\u0103-te \u0219i urm\u0103re\u0219te filme, seriale \u0219i documentare. O experien\u021b\u0103 pl\u0103cut\u0103 de divertisment la tine acas\u0103.<\/p>\n","protected":false},"author":1,"featured_media":0,"parent":0,"menu_order":0,"comment_status":"closed","ping_status":"closed","template":"template_service.php","meta":[],"yoast_head":"<!-- This site is optimized with the Yoast SEO plugin v15.1.1 - https:\/\/yoast.com\/wordpress\/plugins\/seo\/ -->\n<meta name=\"robots\" content=\"index, follow, max-snippet:-1, max-image-preview:large, max-video-preview:-1\" \/>\n<link rel=\"canonical\" href=\"https:\/\/www.digicomm.ro\/business\/digicomm-tv\/\" \/>\n<meta property=\"og:locale\" content=\"ro_RO\" \/>\n<meta property=\"og:type\" content=\"article\" \/>\n<meta property=\"og:title\" content=\"DIGICOMM TV - DIGICOMM Business\" \/>\n<meta property=\"og:description\" content=\"Relaxeaz\u0103-te \u0219i urm\u0103re\u0219te filme, seriale \u0219i documentare. O experien\u021b\u0103 pl\u0103cut\u0103 de divertisment la tine acas\u0103.\" \/>\n<meta property=\"og:url\" content=\"https:\/\/www.digicomm.ro\/business\/digicomm-tv\/\" \/>\n<meta property=\"og:site_name\" content=\"DIGICOMM Business\" \/>\n<meta property=\"article:modified_time\" content=\"2017-02-11T17:50:26+00:00\" \/>\n<meta name=\"twitter:card\" content=\"summary\" \/>\n<!-- \/ Yoast SEO plugin. -->","_links":{"self":[{"href":"https:\/\/www.digicomm.ro\/business\/wp-json\/wp\/v2\/pages\/54"}],"collection":[{"href":"https:\/\/www.digicomm.ro\/business\/wp-json\/wp\/v2\/pages"}],"about":[{"href":"https:\/\/www.digicomm.ro\/business\/wp-json\/wp\/v2\/types\/page"}],"author":[{"embeddable":true,"href":"https:\/\/www.digicomm.ro\/business\/wp-json\/wp\/v2\/users\/1"}],"replies":[{"embeddable":true,"href":"https:\/\/www.digicomm.ro\/business\/wp-json\/wp\/v2\/comments?post=54"}],"version-history":[{"count":0,"href":"https:\/\/www.digicomm.ro\/business\/wp-json\/wp\/v2\/pages\/54\/revisions"}],"wp:attachment":[{"href":"https:\/\/www.digicomm.ro\/business\/wp-json\/wp\/v2\/media?parent=54"}],"curies":[{"name":"wp","href":"https:\/\/api.w.org\/{rel}","templated":true}]}}