{"id":452,"date":"2016-10-03T23:40:40","date_gmt":"2016-10-03T20:40:40","guid":{"rendered":"https:\/\/www.digicomm.ro\/digicomm\/contact\/"},"modified":"2017-02-25T14:30:24","modified_gmt":"2017-02-25T11:30:24","slug":"contact","status":"publish","type":"page","link":"https:\/\/www.digicomm.ro\/hu\/contact\/","title":{"rendered":"El\u00e9rhet\u0151s\u00e9g"},"content":{"rendered":"<p><strong>Szov\u00e1ta<\/strong><br \/>\nF\u0151 utca 168\/A sz\u00e1m, Maros megye<br \/>\nH\u00e9tf\u0151t\u0151l p\u00e9ntekig\u00a08:00 \u00e9s 16 \u00f3ra k\u00f6z\u00f6tt, szombaton\u00a09:00 \u00e9s 13:00 \u00f3ra k\u00f6z\u00f6tt<\/p>\n<p><strong>Parajd<\/strong><br \/>\nF\u0151 utca\u00a01081 sz\u00e1m, Hargita megye<br \/>\nH\u00e9tf\u0151t\u0151l p\u00e9ntekig\u00a08:00 \u00e9s 16 \u00f3ra k\u00f6z\u00f6tt<\/p>\n<p><strong>Korond<\/strong><br \/>\nK\u00f3rh\u00e1z utca\u00a0595\/A sz\u00e1m, Hargita megye<br \/>\nH\u00e9tf\u0151t\u0151l p\u00e9ntekig\u00a08:00 \u00e9s 16 \u00f3ra k\u00f6z\u00f6tt<\/p>\n","protected":false},"excerpt":{"rendered":"<p>Szov\u00e1ta F\u0151 utca 168\/A sz\u00e1m, Maros megye H\u00e9tf\u0151t\u0151l p\u00e9ntekig\u00a08:00 \u00e9s 16 \u00f3ra k\u00f6z\u00f6tt, szombaton\u00a09:00 \u00e9s 13:00 \u00f3ra k\u00f6z\u00f6tt Parajd F\u0151 utca\u00a01081 sz\u00e1m, Hargita megye H\u00e9tf\u0151t\u0151l p\u00e9ntekig\u00a08:00 \u00e9s 16 \u00f3ra k\u00f6z\u00f6tt&hellip;<\/p>\n","protected":false},"author":1,"featured_media":0,"parent":0,"menu_order":0,"comment_status":"closed","ping_status":"closed","template":"template_contact.php","meta":[],"yoast_head":"<!-- This site is optimized with the Yoast SEO plugin v15.1.1 - https:\/\/yoast.com\/wordpress\/plugins\/seo\/ -->\n<meta name=\"robots\" content=\"index, follow, max-snippet:-1, max-image-preview:large, max-video-preview:-1\" \/>\n<link rel=\"canonical\" href=\"https:\/\/www.digicomm.ro\/hu\/contact\/\" \/>\n<meta property=\"og:locale\" content=\"ro_RO\" \/>\n<meta property=\"og:type\" content=\"article\" \/>\n<meta property=\"og:title\" content=\"El\u00e9rhet\u0151s\u00e9g - DIGICOMM Personal\" \/>\n<meta property=\"og:description\" content=\"Szov\u00e1ta F\u0151 utca 168\/A sz\u00e1m, Maros megye H\u00e9tf\u0151t\u0151l p\u00e9ntekig\u00a08:00 \u00e9s 16 \u00f3ra k\u00f6z\u00f6tt, szombaton\u00a09:00 \u00e9s 13:00 \u00f3ra k\u00f6z\u00f6tt Parajd F\u0151 utca\u00a01081 sz\u00e1m, Hargita megye H\u00e9tf\u0151t\u0151l p\u00e9ntekig\u00a08:00 \u00e9s 16 \u00f3ra k\u00f6z\u00f6tt&hellip;\" \/>\n<meta property=\"og:url\" content=\"https:\/\/www.digicomm.ro\/hu\/contact\/\" \/>\n<meta property=\"og:site_name\" content=\"DIGICOMM Personal\" \/>\n<meta property=\"article:modified_time\" content=\"2017-02-25T11:30:24+00:00\" \/>\n<meta name=\"twitter:card\" content=\"summary\" \/>\n<!-- \/ Yoast SEO plugin. -->","_links":{"self":[{"href":"https:\/\/www.digicomm.ro\/hu\/wp-json\/wp\/v2\/pages\/452"}],"collection":[{"href":"https:\/\/www.digicomm.ro\/hu\/wp-json\/wp\/v2\/pages"}],"about":[{"href":"https:\/\/www.digicomm.ro\/hu\/wp-json\/wp\/v2\/types\/page"}],"author":[{"embeddable":true,"href":"https:\/\/www.digicomm.ro\/hu\/wp-json\/wp\/v2\/users\/1"}],"replies":[{"embeddable":true,"href":"https:\/\/www.digicomm.ro\/hu\/wp-json\/wp\/v2\/comments?post=452"}],"version-history":[{"count":0,"href":"https:\/\/www.digicomm.ro\/hu\/wp-json\/wp\/v2\/pages\/452\/revisions"}],"wp:attachment":[{"href":"https:\/\/www.digicomm.ro\/hu\/wp-json\/wp\/v2\/media?parent=452"}],"curies":[{"name":"wp","href":"https:\/\/api.w.org\/{rel}","templated":true}]}}