{"id":456,"date":"2016-10-03T00:33:24","date_gmt":"2016-10-02T21:33:24","guid":{"rendered":"https:\/\/www.digicomm.ro\/digicomm\/internet\/"},"modified":"2017-03-01T20:23:14","modified_gmt":"2017-03-01T17:23:14","slug":"internet","status":"publish","type":"page","link":"https:\/\/www.digicomm.ro\/hu\/internet\/","title":{"rendered":"Internet"},"content":{"rendered":"<p>Sz\u00ednvonalas navig\u00e1ci\u00f3s \u00e9lm\u00e9nyt \u00e9s vonalas telefonszolg\u00e1ltat\u00e1sokat biztos\u00edtunk kedvez\u0151 \u00e1rakon.<br \/>\nFontos sz\u00e1munkra a szolg\u00e1ltat\u00e1saink min\u0151s\u00e9ge, ez\u00e9rt minden megold\u00e1sunk optikai sz\u00e1lon fut \u00e9s infrastrukt\u00far\u00e1nkat folyamatosan fejlesztj\u00fck.<br \/>\nGigabit v\u00e9gsebess\u00e9g\u0171 garant\u00e1lt kapcsolat\u00e9rt vedd fel vel\u00fcnk a <a href=\"https:\/\/www.digicomm.ro\/digicomm\/contact\/\">kapcsolatot<\/a>.<\/p>\n<p>&nbsp;<\/p>\n","protected":false},"excerpt":{"rendered":"<p>Sz\u00ednvonalas navig\u00e1ci\u00f3s \u00e9lm\u00e9nyt \u00e9s vonalas telefonszolg\u00e1ltat\u00e1sokat biztos\u00edtunk kedvez\u0151 \u00e1rakon. Fontos sz\u00e1munkra a szolg\u00e1ltat\u00e1saink min\u0151s\u00e9ge, ez\u00e9rt minden megold\u00e1sunk optikai sz\u00e1lon fut \u00e9s infrastrukt\u00far\u00e1nkat folyamatosan fejlesztj\u00fck. Gigabit v\u00e9gsebess\u00e9g\u0171 garant\u00e1lt kapcsolat\u00e9rt vedd fel&hellip;<\/p>\n","protected":false},"author":1,"featured_media":0,"parent":0,"menu_order":0,"comment_status":"closed","ping_status":"closed","template":"template_service.php","meta":[],"yoast_head":"<!-- This site is optimized with the Yoast SEO plugin v15.1.1 - https:\/\/yoast.com\/wordpress\/plugins\/seo\/ -->\n<meta name=\"robots\" content=\"index, follow, max-snippet:-1, max-image-preview:large, max-video-preview:-1\" \/>\n<link rel=\"canonical\" href=\"https:\/\/www.digicomm.ro\/hu\/internet\/\" \/>\n<meta property=\"og:locale\" content=\"ro_RO\" \/>\n<meta property=\"og:type\" content=\"article\" \/>\n<meta property=\"og:title\" content=\"Internet - DIGICOMM Personal\" \/>\n<meta property=\"og:description\" content=\"Sz\u00ednvonalas navig\u00e1ci\u00f3s \u00e9lm\u00e9nyt \u00e9s vonalas telefonszolg\u00e1ltat\u00e1sokat biztos\u00edtunk kedvez\u0151 \u00e1rakon. Fontos sz\u00e1munkra a szolg\u00e1ltat\u00e1saink min\u0151s\u00e9ge, ez\u00e9rt minden megold\u00e1sunk optikai sz\u00e1lon fut \u00e9s infrastrukt\u00far\u00e1nkat folyamatosan fejlesztj\u00fck. Gigabit v\u00e9gsebess\u00e9g\u0171 garant\u00e1lt kapcsolat\u00e9rt vedd fel&hellip;\" \/>\n<meta property=\"og:url\" content=\"https:\/\/www.digicomm.ro\/hu\/internet\/\" \/>\n<meta property=\"og:site_name\" content=\"DIGICOMM Personal\" \/>\n<meta property=\"article:modified_time\" content=\"2017-03-01T17:23:14+00:00\" \/>\n<meta name=\"twitter:card\" content=\"summary\" \/>\n<!-- \/ Yoast SEO plugin. -->","_links":{"self":[{"href":"https:\/\/www.digicomm.ro\/hu\/wp-json\/wp\/v2\/pages\/456"}],"collection":[{"href":"https:\/\/www.digicomm.ro\/hu\/wp-json\/wp\/v2\/pages"}],"about":[{"href":"https:\/\/www.digicomm.ro\/hu\/wp-json\/wp\/v2\/types\/page"}],"author":[{"embeddable":true,"href":"https:\/\/www.digicomm.ro\/hu\/wp-json\/wp\/v2\/users\/1"}],"replies":[{"embeddable":true,"href":"https:\/\/www.digicomm.ro\/hu\/wp-json\/wp\/v2\/comments?post=456"}],"version-history":[{"count":1,"href":"https:\/\/www.digicomm.ro\/hu\/wp-json\/wp\/v2\/pages\/456\/revisions"}],"predecessor-version":[{"id":788,"href":"https:\/\/www.digicomm.ro\/hu\/wp-json\/wp\/v2\/pages\/456\/revisions\/788"}],"wp:attachment":[{"href":"https:\/\/www.digicomm.ro\/hu\/wp-json\/wp\/v2\/media?parent=456"}],"curies":[{"name":"wp","href":"https:\/\/api.w.org\/{rel}","templated":true}]}}