{"id":458,"date":"2016-10-03T00:12:30","date_gmt":"2016-10-02T21:12:30","guid":{"rendered":"https:\/\/www.digicomm.ro\/digicomm\/pachete-digicomm\/"},"modified":"2018-12-04T16:02:50","modified_gmt":"2018-12-04T13:02:50","slug":"pachete-digicomm","status":"publish","type":"page","link":"https:\/\/www.digicomm.ro\/hu\/pachete-digicomm\/","title":{"rendered":"DIGICOMM csomagok"},"content":{"rendered":"<p>Laz\u00edts \u00e9s n\u00e9zz filmeket, sorozatokat \u00e9s dokumentumfilmeket.<br \/>\nSz\u00ednvonalas navig\u00e1ci\u00f3s \u00e9lm\u00e9nyt \u00e9s vonalas telefonszolg\u00e1ltat\u00e1sokat biztos\u00edtunk kedvez\u0151 \u00e1rakon.<\/p>\n","protected":false},"excerpt":{"rendered":"<p>Laz\u00edts \u00e9s n\u00e9zz filmeket, sorozatokat \u00e9s dokumentumfilmeket. Sz\u00ednvonalas navig\u00e1ci\u00f3s \u00e9lm\u00e9nyt \u00e9s vonalas telefonszolg\u00e1ltat\u00e1sokat biztos\u00edtunk kedvez\u0151 \u00e1rakon.<\/p>\n","protected":false},"author":1,"featured_media":0,"parent":0,"menu_order":0,"comment_status":"closed","ping_status":"closed","template":"template_service.php","meta":[],"yoast_head":"<!-- This site is optimized with the Yoast SEO plugin v15.1.1 - https:\/\/yoast.com\/wordpress\/plugins\/seo\/ -->\n<meta name=\"robots\" content=\"index, follow, max-snippet:-1, max-image-preview:large, max-video-preview:-1\" \/>\n<link rel=\"canonical\" href=\"https:\/\/www.digicomm.ro\/hu\/pachete-digicomm\/\" \/>\n<meta property=\"og:locale\" content=\"ro_RO\" \/>\n<meta property=\"og:type\" content=\"article\" \/>\n<meta property=\"og:title\" content=\"DIGICOMM csomagok - DIGICOMM Personal\" \/>\n<meta property=\"og:description\" content=\"Laz\u00edts \u00e9s n\u00e9zz filmeket, sorozatokat \u00e9s dokumentumfilmeket. Sz\u00ednvonalas navig\u00e1ci\u00f3s \u00e9lm\u00e9nyt \u00e9s vonalas telefonszolg\u00e1ltat\u00e1sokat biztos\u00edtunk kedvez\u0151 \u00e1rakon.\" \/>\n<meta property=\"og:url\" content=\"https:\/\/www.digicomm.ro\/hu\/pachete-digicomm\/\" \/>\n<meta property=\"og:site_name\" content=\"DIGICOMM Personal\" \/>\n<meta property=\"article:modified_time\" content=\"2018-12-04T13:02:50+00:00\" \/>\n<meta name=\"twitter:card\" content=\"summary\" \/>\n<!-- \/ Yoast SEO plugin. -->","_links":{"self":[{"href":"https:\/\/www.digicomm.ro\/hu\/wp-json\/wp\/v2\/pages\/458"}],"collection":[{"href":"https:\/\/www.digicomm.ro\/hu\/wp-json\/wp\/v2\/pages"}],"about":[{"href":"https:\/\/www.digicomm.ro\/hu\/wp-json\/wp\/v2\/types\/page"}],"author":[{"embeddable":true,"href":"https:\/\/www.digicomm.ro\/hu\/wp-json\/wp\/v2\/users\/1"}],"replies":[{"embeddable":true,"href":"https:\/\/www.digicomm.ro\/hu\/wp-json\/wp\/v2\/comments?post=458"}],"version-history":[{"count":2,"href":"https:\/\/www.digicomm.ro\/hu\/wp-json\/wp\/v2\/pages\/458\/revisions"}],"predecessor-version":[{"id":771,"href":"https:\/\/www.digicomm.ro\/hu\/wp-json\/wp\/v2\/pages\/458\/revisions\/771"}],"wp:attachment":[{"href":"https:\/\/www.digicomm.ro\/hu\/wp-json\/wp\/v2\/media?parent=458"}],"curies":[{"name":"wp","href":"https:\/\/api.w.org\/{rel}","templated":true}]}}