{"id":460,"date":"2016-10-03T00:50:22","date_gmt":"2016-10-02T21:50:22","guid":{"rendered":"https:\/\/www.digicomm.ro\/digicomm\/publicitate-tv\/"},"modified":"2021-04-23T16:59:59","modified_gmt":"2021-04-23T13:59:59","slug":"publicitate-tv","status":"publish","type":"page","link":"https:\/\/www.digicomm.ro\/hu\/publicitate-tv\/","title":{"rendered":"TV Rekl\u00e1m"},"content":{"rendered":"<h2>Rekl\u00e1maj\u00e1nlat<\/h2>\n<p><strong>1. Infotext<\/strong><\/p>\n<ul>\n<li>20 lej\/ nap (30 megjelen\u00e9s\/nap garant\u00e1lt).<\/li>\n<li>Egy h\u00f3napra sz\u00f3l\u00f3 szerz\u0151d\u00e9s: 550 lej \/ hirdet\u00e9s (kieg\u00e9sz\u00edt\u0151 oldal: 350 lej).<\/li>\n<\/ul>\n<p>A szerz\u0151d\u00f6tt rekl\u00e1moldalak grafikus szerkeszt\u00e9s\u00e9t is v\u00e1llaljuk!<\/p>\n<p><strong>2. Rekl\u00e1m gy\u00e1rt\u00e1s:<\/strong>\u00a030 m\u00e1sodperces vide\u00f3klippek.<\/p>\n<p><strong>3. A rekl\u00e1mfilmek sug\u00e1rz\u00e1sa a \u201cS\u00f3vid\u00e9k&#8221; t\u00e9v\u00e9csatorn\u00e1n.<\/strong><\/p>\n<p><strong>4. K\u00fcl\u00f6nb\u00f6z\u0151 ad\u00e1sok t\u00e1mogat\u00e1si lehet\u0151s\u00e9ge: \u00a0<\/strong>A c\u00e9g log\u00f3j\u00e1nak a m\u0171sor el\u0151tt\/ut\u00e1n\/k\u00f6zben val\u00f3 megjelen\u00edt\u00e9se.<\/p>\n<p><strong>5. TV megjelen\u00e9s:<\/strong>\u00a0ad\u00e1sokban, h\u00edrekben vagy vitam\u0171sorokban.<\/p>\n<p>A felt\u00fcntetett \u00e1rakra r\u00e1 kell sz\u00e1m\u00edtani a 19% \u00c1FA-t. B\u00e1rmilyen k\u00e9r\u00e9sed\/k\u00e9rd\u00e9sed lenne a rekl\u00e1mszolg\u00e1ltat\u00e1sokat illet\u0151en,\u00a0l\u00e9pj vel\u00fcnk kapcsolatba a mell\u00e9kelt adatlap kit\u00f6lt\u00e9s\u00e9vel.<\/p>\n\n\n<p><\/p>\n","protected":false},"excerpt":{"rendered":"<p>Rekl\u00e1maj\u00e1nlat 1. Infotext 20 lej\/ nap (30 megjelen\u00e9s\/nap garant\u00e1lt). Egy h\u00f3napra sz\u00f3l\u00f3 szerz\u0151d\u00e9s: 550 lej \/ hirdet\u00e9s (kieg\u00e9sz\u00edt\u0151 oldal: 350 lej). A szerz\u0151d\u00f6tt rekl\u00e1moldalak grafikus szerkeszt\u00e9s\u00e9t is v\u00e1llaljuk! 2. Rekl\u00e1m&hellip;<\/p>\n","protected":false},"author":1,"featured_media":0,"parent":0,"menu_order":0,"comment_status":"closed","ping_status":"closed","template":"template_publicitate.php","meta":[],"yoast_head":"<!-- This site is optimized with the Yoast SEO plugin v15.1.1 - https:\/\/yoast.com\/wordpress\/plugins\/seo\/ -->\n<meta name=\"robots\" content=\"index, follow, max-snippet:-1, max-image-preview:large, max-video-preview:-1\" \/>\n<link rel=\"canonical\" href=\"https:\/\/www.digicomm.ro\/hu\/publicitate-tv\/\" \/>\n<meta property=\"og:locale\" content=\"ro_RO\" \/>\n<meta property=\"og:type\" content=\"article\" \/>\n<meta property=\"og:title\" content=\"TV Rekl\u00e1m - DIGICOMM Personal\" \/>\n<meta property=\"og:description\" content=\"Rekl\u00e1maj\u00e1nlat 1. Infotext 20 lej\/ nap (30 megjelen\u00e9s\/nap garant\u00e1lt). Egy h\u00f3napra sz\u00f3l\u00f3 szerz\u0151d\u00e9s: 550 lej \/ hirdet\u00e9s (kieg\u00e9sz\u00edt\u0151 oldal: 350 lej). A szerz\u0151d\u00f6tt rekl\u00e1moldalak grafikus szerkeszt\u00e9s\u00e9t is v\u00e1llaljuk! 2. Rekl\u00e1m&hellip;\" \/>\n<meta property=\"og:url\" content=\"https:\/\/www.digicomm.ro\/hu\/publicitate-tv\/\" \/>\n<meta property=\"og:site_name\" content=\"DIGICOMM Personal\" \/>\n<meta property=\"article:modified_time\" content=\"2021-04-23T13:59:59+00:00\" \/>\n<meta name=\"twitter:card\" content=\"summary\" \/>\n<!-- \/ Yoast SEO plugin. -->","_links":{"self":[{"href":"https:\/\/www.digicomm.ro\/hu\/wp-json\/wp\/v2\/pages\/460"}],"collection":[{"href":"https:\/\/www.digicomm.ro\/hu\/wp-json\/wp\/v2\/pages"}],"about":[{"href":"https:\/\/www.digicomm.ro\/hu\/wp-json\/wp\/v2\/types\/page"}],"author":[{"embeddable":true,"href":"https:\/\/www.digicomm.ro\/hu\/wp-json\/wp\/v2\/users\/1"}],"replies":[{"embeddable":true,"href":"https:\/\/www.digicomm.ro\/hu\/wp-json\/wp\/v2\/comments?post=460"}],"version-history":[{"count":9,"href":"https:\/\/www.digicomm.ro\/hu\/wp-json\/wp\/v2\/pages\/460\/revisions"}],"predecessor-version":[{"id":809,"href":"https:\/\/www.digicomm.ro\/hu\/wp-json\/wp\/v2\/pages\/460\/revisions\/809"}],"wp:attachment":[{"href":"https:\/\/www.digicomm.ro\/hu\/wp-json\/wp\/v2\/media?parent=460"}],"curies":[{"name":"wp","href":"https:\/\/api.w.org\/{rel}","templated":true}]}}