{"id":462,"date":"2016-10-03T00:49:09","date_gmt":"2016-10-02T21:49:09","guid":{"rendered":"https:\/\/www.digicomm.ro\/digicomm\/telefonie-digicomm\/"},"modified":"2017-03-01T20:23:52","modified_gmt":"2017-03-01T17:23:52","slug":"telefonie-digicomm","status":"publish","type":"page","link":"https:\/\/www.digicomm.ro\/hu\/telefonie-digicomm\/","title":{"rendered":"DIGICOMM telefon"},"content":{"rendered":"<p>Korl\u00e1tlanul besz\u00e9lgethetsz a DIGICOMM h\u00e1l\u00f3zaton bel\u00fcl \u00e9s kedvezm\u00e9nyes percd\u00edjakkal az egy\u00e9n nemzeti- \u00a0\u00e9s nemzetk\u00f6zi h\u00e1l\u00f3zatokkal<\/p>\n","protected":false},"excerpt":{"rendered":"<p>Korl\u00e1tlanul besz\u00e9lgethetsz a DIGICOMM h\u00e1l\u00f3zaton bel\u00fcl \u00e9s kedvezm\u00e9nyes percd\u00edjakkal az egy\u00e9n nemzeti- \u00a0\u00e9s nemzetk\u00f6zi h\u00e1l\u00f3zatokkal<\/p>\n","protected":false},"author":1,"featured_media":0,"parent":0,"menu_order":0,"comment_status":"closed","ping_status":"closed","template":"template_service.php","meta":[],"yoast_head":"<!-- This site is optimized with the Yoast SEO plugin v15.1.1 - https:\/\/yoast.com\/wordpress\/plugins\/seo\/ -->\n<meta name=\"robots\" content=\"index, follow, max-snippet:-1, max-image-preview:large, max-video-preview:-1\" \/>\n<link rel=\"canonical\" href=\"https:\/\/www.digicomm.ro\/hu\/telefonie-digicomm\/\" \/>\n<meta property=\"og:locale\" content=\"ro_RO\" \/>\n<meta property=\"og:type\" content=\"article\" \/>\n<meta property=\"og:title\" content=\"DIGICOMM telefon - DIGICOMM Personal\" \/>\n<meta property=\"og:description\" content=\"Korl\u00e1tlanul besz\u00e9lgethetsz a DIGICOMM h\u00e1l\u00f3zaton bel\u00fcl \u00e9s kedvezm\u00e9nyes percd\u00edjakkal az egy\u00e9n nemzeti- \u00a0\u00e9s nemzetk\u00f6zi h\u00e1l\u00f3zatokkal\" \/>\n<meta property=\"og:url\" content=\"https:\/\/www.digicomm.ro\/hu\/telefonie-digicomm\/\" \/>\n<meta property=\"og:site_name\" content=\"DIGICOMM Personal\" \/>\n<meta property=\"article:modified_time\" content=\"2017-03-01T17:23:52+00:00\" \/>\n<meta name=\"twitter:card\" content=\"summary\" \/>\n<!-- \/ Yoast SEO plugin. -->","_links":{"self":[{"href":"https:\/\/www.digicomm.ro\/hu\/wp-json\/wp\/v2\/pages\/462"}],"collection":[{"href":"https:\/\/www.digicomm.ro\/hu\/wp-json\/wp\/v2\/pages"}],"about":[{"href":"https:\/\/www.digicomm.ro\/hu\/wp-json\/wp\/v2\/types\/page"}],"author":[{"embeddable":true,"href":"https:\/\/www.digicomm.ro\/hu\/wp-json\/wp\/v2\/users\/1"}],"replies":[{"embeddable":true,"href":"https:\/\/www.digicomm.ro\/hu\/wp-json\/wp\/v2\/comments?post=462"}],"version-history":[{"count":0,"href":"https:\/\/www.digicomm.ro\/hu\/wp-json\/wp\/v2\/pages\/462\/revisions"}],"wp:attachment":[{"href":"https:\/\/www.digicomm.ro\/hu\/wp-json\/wp\/v2\/media?parent=462"}],"curies":[{"name":"wp","href":"https:\/\/api.w.org\/{rel}","templated":true}]}}