{"id":687,"date":"2017-09-11T19:48:03","date_gmt":"2017-09-11T16:48:03","guid":{"rendered":"https:\/\/www.digicomm.ro\/?page_id=687\/"},"modified":"2019-05-06T13:58:43","modified_gmt":"2019-05-06T10:58:43","slug":"fizetesi-lehetosegek","status":"publish","type":"page","link":"https:\/\/www.digicomm.ro\/hu\/fizetesi-lehetosegek\/","title":{"rendered":"Fizet\u00e9si lehet\u0151s\u00e9gek"},"content":{"rendered":"<style>\n.main-list{\nlist-style-type:number;\n}\n.second-list{\nlist-style-type:lower-alpha;\n}\n.main-element{\n}\n<\/style>\n<div>\n<h2>Fizet\u00e9si lehet\u0151s\u00e9gek:<\/h2>\n<ol class=\"main-list\">\n<li class=\"main-element\"><b>P\u00e9nzt\u00e1rainkn\u00e1l:<\/b>\n<p>Szov\u00e1ta<br \/>\nF\u0151 utca 168\/A sz\u00e1m, Maros megye<br \/>\nH\u00e9tf\u0151t\u0151l p\u00e9ntekig 8:00 \u00e9s 16 \u00f3ra k\u00f6z\u00f6tt, szombaton 9:00 \u00e9s 13:00 \u00f3ra k\u00f6z\u00f6tt<\/p>\n<p>Parajd<br \/>\nF\u0151 utca 1081 sz\u00e1m, Hargita megye<br \/>\nH\u00e9tf\u0151t\u0151l p\u00e9ntekig 8:00 \u00e9s 16 \u00f3ra k\u00f6z\u00f6tt<\/p>\n<p>Korond<br \/>\nK\u00f3rh\u00e1z utca 595\/A sz\u00e1m, Hargita megye<br \/>\nH\u00e9tf\u0151t\u0151l p\u00e9ntekig 8:00 \u00e9s 16 \u00f3ra k\u00f6z\u00f6tt <\/li>\n<li class=\"main-elemenet\"><b>Online<\/b> az \u00fcgyf\u00e9lkapun : <a href=\"https:\/\/digicomm.ro\/my-account\/login\">https:\/\/digicomm.ro\/my-account<\/a>\n<\/li>\n<p><\/p>\n<li class=\"main-element\">\n<b>Banki \u00e1tutal\u00e1s: <\/b><br \/>\n<br \/>\nC\u00edmzett: SC Digi Communication SRL<br \/>\n<br \/>\nBanca Transilvania bankon kereszt\u00fcl:<br \/>\nIBAN sz\u00e1m: RO84BTRL02701202103084XX <\/p>\n<p>Banki \u00e1tutal\u00e1s eset\u00e9n k\u00e9r\u00fcnk \u00edrd be az \u00e1tutal\u00e1s r\u00e9szleteihez (Detalii plat\u0103) az \u00fcgyf\u00e9lsz\u00e1mod (cod abonat)<br \/>\nAz \u00fcgyf\u00e9lsz\u00e1mod megtal\u00e1lod a sz\u00e1ml\u00e1don a fels\u0151 jobb sarokban. Nincs sz\u00fcks\u00e9g a fizet\u00e9s emailben val\u00f3 visszaigazol\u00e1s\u00e1ra.<\/p>\n<p>B\u00e1rmilyen k\u00e9rd\u00e9ssel fordulj nyugodtan az ingyenes \u00fcgyf\u00e9lszolg\u00e1latunkhoz emailben ( office@digicomm.ro )  vagy telefonon ( 0749060566 illetve 0265577888 ).<\/p>\n<\/li>\n<\/ol>\n<\/div>\n","protected":false},"excerpt":{"rendered":"<p>Fizet\u00e9si lehet\u0151s\u00e9gek: P\u00e9nzt\u00e1rainkn\u00e1l: Szov\u00e1ta F\u0151 utca 168\/A sz\u00e1m, Maros megye H\u00e9tf\u0151t\u0151l p\u00e9ntekig 8:00 \u00e9s 16 \u00f3ra k\u00f6z\u00f6tt, szombaton 9:00 \u00e9s 13:00 \u00f3ra k\u00f6z\u00f6tt Parajd F\u0151 utca 1081 sz\u00e1m, Hargita megye&hellip;<\/p>\n","protected":false},"author":2,"featured_media":0,"parent":0,"menu_order":0,"comment_status":"closed","ping_status":"closed","template":"template_paymentoptions.php","meta":[],"yoast_head":"<!-- This site is optimized with the Yoast SEO plugin v15.1.1 - https:\/\/yoast.com\/wordpress\/plugins\/seo\/ -->\n<meta name=\"robots\" content=\"index, follow, max-snippet:-1, max-image-preview:large, max-video-preview:-1\" \/>\n<link rel=\"canonical\" href=\"https:\/\/www.digicomm.ro\/hu\/fizetesi-lehetosegek\/\" \/>\n<meta property=\"og:locale\" content=\"ro_RO\" \/>\n<meta property=\"og:type\" content=\"article\" \/>\n<meta property=\"og:title\" content=\"Fizet\u00e9si lehet\u0151s\u00e9gek - DIGICOMM Personal\" \/>\n<meta property=\"og:description\" content=\"Fizet\u00e9si lehet\u0151s\u00e9gek: P\u00e9nzt\u00e1rainkn\u00e1l: Szov\u00e1ta F\u0151 utca 168\/A sz\u00e1m, Maros megye H\u00e9tf\u0151t\u0151l p\u00e9ntekig 8:00 \u00e9s 16 \u00f3ra k\u00f6z\u00f6tt, szombaton 9:00 \u00e9s 13:00 \u00f3ra k\u00f6z\u00f6tt Parajd F\u0151 utca 1081 sz\u00e1m, Hargita megye&hellip;\" \/>\n<meta property=\"og:url\" content=\"https:\/\/www.digicomm.ro\/hu\/fizetesi-lehetosegek\/\" \/>\n<meta property=\"og:site_name\" content=\"DIGICOMM Personal\" \/>\n<meta property=\"article:modified_time\" content=\"2019-05-06T10:58:43+00:00\" \/>\n<meta name=\"twitter:card\" content=\"summary\" \/>\n<!-- \/ Yoast SEO plugin. -->","_links":{"self":[{"href":"https:\/\/www.digicomm.ro\/hu\/wp-json\/wp\/v2\/pages\/687"}],"collection":[{"href":"https:\/\/www.digicomm.ro\/hu\/wp-json\/wp\/v2\/pages"}],"about":[{"href":"https:\/\/www.digicomm.ro\/hu\/wp-json\/wp\/v2\/types\/page"}],"author":[{"embeddable":true,"href":"https:\/\/www.digicomm.ro\/hu\/wp-json\/wp\/v2\/users\/2"}],"replies":[{"embeddable":true,"href":"https:\/\/www.digicomm.ro\/hu\/wp-json\/wp\/v2\/comments?post=687"}],"version-history":[{"count":6,"href":"https:\/\/www.digicomm.ro\/hu\/wp-json\/wp\/v2\/pages\/687\/revisions"}],"predecessor-version":[{"id":777,"href":"https:\/\/www.digicomm.ro\/hu\/wp-json\/wp\/v2\/pages\/687\/revisions\/777"}],"wp:attachment":[{"href":"https:\/\/www.digicomm.ro\/hu\/wp-json\/wp\/v2\/media?parent=687"}],"curies":[{"name":"wp","href":"https:\/\/api.w.org\/{rel}","templated":true}]}}